{"id":82,"date":"2022-06-16T20:04:51","date_gmt":"2022-06-16T20:04:51","guid":{"rendered":"http:\/\/cafesur-colonia.de\/?page_id=82"},"modified":"2022-06-16T20:04:51","modified_gmt":"2022-06-16T20:04:51","slug":"presse-2","status":"publish","type":"page","link":"http:\/\/cafesur-colonia.de\/?page_id=82","title":{"rendered":"Presse"},"content":{"rendered":"\n<p>K\u00f6lner Stadtanzeiger:<\/p>\n\n\n\n<p><a rel=\"noreferrer noopener\" href=\"https:\/\/www.ksta.de\/freizeit\/geniessen\/lieblingsort-in-der-suedstadt-warum-das-caf%C3%A9-sur-eine-institution-ist-und-bleibt-31909292 ()\" target=\"_blank\"><strong>Lieblingsort in der S\u00fcdstadt<\/strong> Warum das Caf\u00e9 Sur eine Institution ist und bleibt<\/a><\/p>\n\n\n\n<p><a rel=\"noreferrer noopener\" href=\"https:\/\/www.ksta.de\/freizeit\/geniessen\/spaziergang-durch-das-veedel-20-lieblings-caf%C3%A9s-in-der-koelner-suedstadt-32906614\" target=\"_blank\"><strong>Spaziergang durch das Veedel<\/strong> 20 Lieblings-Caf\u00e9s in der K\u00f6lner S\u00fcdstadt<\/a><\/p>\n\n\n\n<p><a rel=\"noreferrer noopener\" href=\"https:\/\/www.ksta.de\/ausgehen-ein-hauch-von-argentinien-12084126\" target=\"_blank\"><strong>Ausgehen<\/strong> Ein Hauch von Argentinien<\/a><\/p>\n\n\n\n<p><a rel=\"noreferrer noopener\" href=\"https:\/\/www.ksta.de\/koeln\/unterwegs-mit-gerd-koester-der-perfekte-ort-zum-pauken-in-der-koelner-suedstadt-1167454\" target=\"_blank\"><strong>Unterwegs mit Gerd K\u00f6ster<\/strong> Der perfekte Ort zum Pauken in der K\u00f6lner S\u00fcdstadt<\/a><\/p>\n\n\n\n<p>SWR Radiobeitrag:<\/p>\n\n\n\n<p><a rel=\"noreferrer noopener\" href=\"https:\/\/www.swr.de\/swr2\/programm\/broadcastcontrib-swr-18516.html\" target=\"_blank\">Die \u00dcberlebensagentur \u2013 Ein Caf\u00e9 als Heimat<\/a><\/p>\n\n\n\n<figure class=\"wp-block-audio\"><audio controls src=\"http:\/\/cafesur-colonia.de\/wp-content\/uploads\/2020\/06\/swr2-tandem-20150722-1005-ein-cafe-als-heimat.12844s.mp3\"><\/audio><\/figure>\n\n\n\n<p><a rel=\"noreferrer noopener\" href=\"https:\/\/www.marcopolo.de\/reisefuehrer-tipps\/koeln\/cafe-sur-poi-115095517.html\" target=\"_blank\">Marco Polo<\/a><\/p>\n\n\n\n<p><a rel=\"noreferrer noopener\" href=\"https:\/\/de.airbnb.com\/things-to-do\/places\/538825?location=50677%20Cologne%2C%20Germany&amp;_set_bev_on_new_domain=1591363490_OWNlZWRlOWRkYjlm\" target=\"_blank\">Airbnb<\/a><\/p>\n\n\n\n<p><a rel=\"noreferrer noopener\" href=\"https:\/\/www.heribert-schwan.de\/spione-im-zentrum-der-macht-lesung-im-koelner-suedstadt-cafe-sur\/\" target=\"_blank\">Dr. Heribert Schwan<\/a><\/p>\n\n\n\n<p>WDR Radiobeitrag:<\/p>\n\n\n\n<figure class=\"wp-block-audio\"><audio controls src=\"http:\/\/cafesur-colonia.de\/wp-content\/uploads\/2022\/06\/Stern-des-Suedens_-Stern-des-Suedens_DIRA_CONNECTMeisenberg-Peter_3.mp3\"><\/audio><\/figure>\n","protected":false},"excerpt":{"rendered":"<p>K\u00f6lner Stadtanzeiger: Lieblingsort in der S\u00fcdstadt Warum das Caf\u00e9 Sur eine Institution ist und bleibt Spaziergang durch das Veedel 20 Lieblings-Caf\u00e9s in der K\u00f6lner S\u00fcdstadt Ausgehen Ein Hauch von Argentinien Unterwegs mit Gerd K\u00f6ster Der perfekte Ort zum Pauken in der K\u00f6lner S\u00fcdstadt SWR Radiobeitrag: Die \u00dcberlebensagentur \u2013 Ein Caf\u00e9 als Heimat Marco Polo Airbnb [&hellip;]<\/p>\n","protected":false},"author":1,"featured_media":0,"parent":0,"menu_order":0,"comment_status":"closed","ping_status":"closed","template":"","meta":[],"_links":{"self":[{"href":"http:\/\/cafesur-colonia.de\/index.php?rest_route=\/wp\/v2\/pages\/82"}],"collection":[{"href":"http:\/\/cafesur-colonia.de\/index.php?rest_route=\/wp\/v2\/pages"}],"about":[{"href":"http:\/\/cafesur-colonia.de\/index.php?rest_route=\/wp\/v2\/types\/page"}],"author":[{"embeddable":true,"href":"http:\/\/cafesur-colonia.de\/index.php?rest_route=\/wp\/v2\/users\/1"}],"replies":[{"embeddable":true,"href":"http:\/\/cafesur-colonia.de\/index.php?rest_route=%2Fwp%2Fv2%2Fcomments&post=82"}],"version-history":[{"count":1,"href":"http:\/\/cafesur-colonia.de\/index.php?rest_route=\/wp\/v2\/pages\/82\/revisions"}],"predecessor-version":[{"id":83,"href":"http:\/\/cafesur-colonia.de\/index.php?rest_route=\/wp\/v2\/pages\/82\/revisions\/83"}],"wp:attachment":[{"href":"http:\/\/cafesur-colonia.de\/index.php?rest_route=%2Fwp%2Fv2%2Fmedia&parent=82"}],"curies":[{"name":"wp","href":"https:\/\/api.w.org\/{rel}","templated":true}]}}