{"id":16,"date":"2020-05-25T11:43:15","date_gmt":"2020-05-25T11:43:15","guid":{"rendered":"http:\/\/cafesur-colonia.de\/?page_id=16"},"modified":"2020-05-25T20:51:41","modified_gmt":"2020-05-25T20:51:41","slug":"start","status":"publish","type":"page","link":"http:\/\/cafesur-colonia.de\/","title":{"rendered":"Caf\u00e9 Sur"},"content":{"rendered":"\n<div class=\"wp-container-1 wp-block-group alignfull\"><div class=\"wp-block-group__inner-container\">\n<p style=\"background-color:#ffffff\" class=\"has-background has-text-align-right\">         <\/p>\n\n\n\n<p><\/p>\n\n\n\n<div class=\"wp-block-media-text alignwide is-stacked-on-mobile is-vertically-aligned-center\"><figure class=\"wp-block-media-text__media\"><img loading=\"lazy\" width=\"274\" height=\"320\" src=\"http:\/\/cafesur-colonia.de\/wp-content\/uploads\/2020\/05\/CafesurLogo.jpg\" alt=\"\" class=\"wp-image-29\" srcset=\"http:\/\/cafesur-colonia.de\/wp-content\/uploads\/2020\/05\/CafesurLogo.jpg 274w, http:\/\/cafesur-colonia.de\/wp-content\/uploads\/2020\/05\/CafesurLogo-257x300.jpg 257w\" sizes=\"(max-width: 274px) 100vw, 274px\" \/><\/figure><div class=\"wp-block-media-text__content\">\n<p class=\"has-large-font-size\"><strong>Willkommen im Caf\u00e9 Sur<\/strong><\/p>\n\n\n\n<p>Es gibt immer eine Gelegenheit, sich \u00fcber gesellschaftliche Themen wie Politik, Allt\u00e4gliches oder auch Fu\u00dfball auszutauschen.<\/p>\n\n\n\n<p>Vom Kaffee wissen wir, dass er sicherlich eines der erfolgreichsten Getr\u00e4nke der Gegenwart ist.<\/p>\n\n\n\n<p>Wo der Kaffee herkommt, da aber scheiden sich die Geister. Die Einen sagen, Kaffee habe seinen Ursprung in der Region \u201eKaffa\u201c im S\u00fcdwesten von \u00c4thiopiens. Die Anderen sagen, er wurde von den Bourbonen aus dem Osten nach Europa gebracht. Oder waren es doch die Araber, die ihn \u00fcber die iberische Halbinsel hinaus popul\u00e4r gemacht haben?<\/p>\n\n\n\n<p>Wir finden es nicht so wichtig, wo der Kaffee seinen genauen Ursprung hat. Viel wertvoller ist es, dass die Kaffeeh\u00e4user einen gemeinschaftlichen Treffpunkt darstellen und ein Ort der Kommunikation sind.<\/p>\n\n\n\n<p>In den Kaffeeh\u00e4usern entwickelten sich in den letzten Jahrhunderten die unterschiedlichsten Formen des zwischenmenschlichen Austausches. In Buenos Aires zum Beispiel gibt es an jeder Ecke ein Kaffeehaus. Es sind die ausgelagerten Wohnzimmer, Treffpunkte f\u00fcr Freundschaften. K\u00fcnstler diskutieren und verfassen dort ihre Werke. So ist auch der Tango aus den Kaffeeh\u00e4usern heraus entstanden. Die Caf\u00e9s pr\u00e4gen die Seele der Stadt. In gewisser Weise sind die Caf\u00e9s Buenos Aires.<\/p>\n\n\n\n<p>Ein Caf\u00e9 ist nicht nur ein Ort Beziehungen zu pflegen. Gute Zeitungen und Musik geh\u00f6ren auch dazu. Hier kann jeder das \u201eSeine\u201c finden. Diese Philosophie wird von uns und unseren G\u00e4sten gelebt.<\/p>\n\n\n\n<p>Das Caf\u00e9 Sur wurde 1997 von den Br\u00fcdern D\u2019Ambrosio gegr\u00fcndet.<\/p>\n<\/div><\/div>\n\n\n\n<p style=\"background-color:#ffffff\" class=\"has-text-color has-background has-primary-color\"><\/p>\n\n\n\n<p style=\"background-color:#fefefe\" class=\"has-background\"><\/p>\n\n\n\n<p style=\"background-color:#ffffff\" class=\"has-background\"><\/p>\n\n\n\n<p style=\"background-color:#ffffff\" class=\"has-background\"><\/p>\n\n\n\n<p style=\"background-color:#ffffff\" class=\"has-background\"><\/p>\n<\/div><\/div>\n\n\n\n<p><\/p>\n","protected":false},"excerpt":{"rendered":"<p>Willkommen im Caf\u00e9 Sur Es gibt immer eine Gelegenheit, sich \u00fcber gesellschaftliche Themen wie Politik, Allt\u00e4gliches oder auch Fu\u00dfball auszutauschen. Vom Kaffee wissen wir, dass er sicherlich eines der erfolgreichsten Getr\u00e4nke der Gegenwart ist. Wo der Kaffee herkommt, da aber scheiden sich die Geister. Die Einen sagen, Kaffee habe seinen Ursprung in der Region \u201eKaffa\u201c [&hellip;]<\/p>\n","protected":false},"author":1,"featured_media":5,"parent":0,"menu_order":0,"comment_status":"closed","ping_status":"closed","template":"templates\/template-cover.php","meta":[],"_links":{"self":[{"href":"http:\/\/cafesur-colonia.de\/index.php?rest_route=\/wp\/v2\/pages\/16"}],"collection":[{"href":"http:\/\/cafesur-colonia.de\/index.php?rest_route=\/wp\/v2\/pages"}],"about":[{"href":"http:\/\/cafesur-colonia.de\/index.php?rest_route=\/wp\/v2\/types\/page"}],"author":[{"embeddable":true,"href":"http:\/\/cafesur-colonia.de\/index.php?rest_route=\/wp\/v2\/users\/1"}],"replies":[{"embeddable":true,"href":"http:\/\/cafesur-colonia.de\/index.php?rest_route=%2Fwp%2Fv2%2Fcomments&post=16"}],"version-history":[{"count":8,"href":"http:\/\/cafesur-colonia.de\/index.php?rest_route=\/wp\/v2\/pages\/16\/revisions"}],"predecessor-version":[{"id":50,"href":"http:\/\/cafesur-colonia.de\/index.php?rest_route=\/wp\/v2\/pages\/16\/revisions\/50"}],"wp:featuredmedia":[{"embeddable":true,"href":"http:\/\/cafesur-colonia.de\/index.php?rest_route=\/wp\/v2\/media\/5"}],"wp:attachment":[{"href":"http:\/\/cafesur-colonia.de\/index.php?rest_route=%2Fwp%2Fv2%2Fmedia&parent=16"}],"curies":[{"name":"wp","href":"https:\/\/api.w.org\/{rel}","templated":true}]}}